{"id":835,"date":"2016-01-09T23:14:53","date_gmt":"2016-01-09T23:14:53","guid":{"rendered":"http:\/\/trendy.estatik.net\/?page_id=37"},"modified":"2019-05-17T15:10:58","modified_gmt":"2019-05-17T15:10:58","slug":"contact-us","status":"publish","type":"page","link":"https:\/\/immosete.fr\/index.php\/contact-us\/","title":{"rendered":"Contactez-nous"},"content":{"rendered":"<h1>Informations de contact<\/h1>\n<p id=\"tw-target-text\" class=\"tw-data-text tw-ta tw-text-small\" dir=\"ltr\" data-placeholder=\"Translation\"><span lang=\"fr\" tabindex=\"0\">\u00c9crivez-nous ou donnez-nous un coup de fil. Nous aimons entendre parler de votre exp\u00e9rience. Nous sommes heureux de r\u00e9pondre \u00e0 vos questions.<\/span><\/p>\n","protected":false},"excerpt":{"rendered":"<p>Informations de contact \u00c9crivez-nous ou donnez-nous un coup de fil. Nous aimons entendre parler de votre exp\u00e9rience. Nous sommes heureux de r\u00e9pondre \u00e0 vos questions.<\/p>\n","protected":false},"author":1,"featured_media":1117,"parent":0,"menu_order":0,"comment_status":"closed","ping_status":"closed","template":"page-templates\/trendy-contact.php","meta":{"footnotes":""},"class_list":["post-835","page","type-page","status-publish","has-post-thumbnail","hentry"],"_links":{"self":[{"href":"https:\/\/immosete.fr\/index.php\/wp-json\/wp\/v2\/pages\/835","targetHints":{"allow":["GET"]}}],"collection":[{"href":"https:\/\/immosete.fr\/index.php\/wp-json\/wp\/v2\/pages"}],"about":[{"href":"https:\/\/immosete.fr\/index.php\/wp-json\/wp\/v2\/types\/page"}],"author":[{"embeddable":true,"href":"https:\/\/immosete.fr\/index.php\/wp-json\/wp\/v2\/users\/1"}],"replies":[{"embeddable":true,"href":"https:\/\/immosete.fr\/index.php\/wp-json\/wp\/v2\/comments?post=835"}],"version-history":[{"count":2,"href":"https:\/\/immosete.fr\/index.php\/wp-json\/wp\/v2\/pages\/835\/revisions"}],"predecessor-version":[{"id":903,"href":"https:\/\/immosete.fr\/index.php\/wp-json\/wp\/v2\/pages\/835\/revisions\/903"}],"wp:featuredmedia":[{"embeddable":true,"href":"https:\/\/immosete.fr\/index.php\/wp-json\/wp\/v2\/media\/1117"}],"wp:attachment":[{"href":"https:\/\/immosete.fr\/index.php\/wp-json\/wp\/v2\/media?parent=835"}],"curies":[{"name":"wp","href":"https:\/\/api.w.org\/{rel}","templated":true}]}}