{"id":1090,"date":"2019-05-15T14:32:52","date_gmt":"2019-05-15T14:32:52","guid":{"rendered":"https:\/\/www.immosete.fr\/?page_id=1090"},"modified":"2019-05-17T09:16:26","modified_gmt":"2019-05-17T09:16:26","slug":"medimmoconso","status":"publish","type":"page","link":"https:\/\/immosete.fr\/index.php\/medimmoconso\/","title":{"rendered":"MEDIMMOCONSO"},"content":{"rendered":"\n<div class=\"wp-block-image\"><figure class=\"alignleft is-resized\"><a href=\"https:\/\/medimmoconso.fr\/\"><img loading=\"lazy\" decoding=\"async\" src=\"https:\/\/www.immosete.fr\/wp-content\/uploads\/2019\/05\/logo-medimmonconso-300x216.png\" alt=\"\" class=\"wp-image-1091\" width=\"325\" height=\"234\" srcset=\"https:\/\/immosete.fr\/wp-content\/uploads\/2019\/05\/logo-medimmonconso-300x216.png?v=1581502613 300w, https:\/\/immosete.fr\/wp-content\/uploads\/2019\/05\/logo-medimmonconso-300x216-230x166.png?v=1581502613 230w\" sizes=\"auto, (max-width: 325px) 100vw, 325px\" \/><\/a><\/figure><\/div>\n\n\n\n<p><a href=\"https:\/\/medimmoconso.fr\/\"><strong>MEDIMMOCONSO<\/strong><\/a>&nbsp;est une association de m\u00e9diateurs de la consommation du secteur Immobilier.<\/p>\n\n\n\n<p> <br>L\u2019association MEDIMMOCONSO est une association loi 1901 ayant pour objet l\u2019offre d\u2019un service de m\u00e9diation de la consommation conforme aux articles L 611-1 et suivants et R 612-1 et suivants du Code de la consommation. L\u2019Association MEDIMMOCONSO est inscrite sur la liste des m\u00e9diateurs de la consommation par d\u00e9cision de la commission d\u2019\u00e9valuation et de contr\u00f4le de la m\u00e9diation de la consommation, conform\u00e9ment \u00e0 l\u2019article L 615-1 du Code de la consommation . <br><\/p>\n","protected":false},"excerpt":{"rendered":"<p>MEDIMMOCONSO&nbsp;est une association de m\u00e9diateurs de la consommation du secteur Immobilier. L\u2019association MEDIMMOCONSO est une association loi 1901 ayant pour objet l\u2019offre d\u2019un service de m\u00e9diation de la consommation conforme aux articles L 611-1 et suivants et R 612-1 et suivants du Code de la consommation. L\u2019Association MEDIMMOCONSO est inscrite sur la liste des m\u00e9diateurs&#8230;<\/p>\n","protected":false},"author":1,"featured_media":1091,"parent":0,"menu_order":0,"comment_status":"closed","ping_status":"closed","template":"","meta":{"footnotes":""},"class_list":["post-1090","page","type-page","status-publish","has-post-thumbnail","hentry"],"_links":{"self":[{"href":"https:\/\/immosete.fr\/index.php\/wp-json\/wp\/v2\/pages\/1090","targetHints":{"allow":["GET"]}}],"collection":[{"href":"https:\/\/immosete.fr\/index.php\/wp-json\/wp\/v2\/pages"}],"about":[{"href":"https:\/\/immosete.fr\/index.php\/wp-json\/wp\/v2\/types\/page"}],"author":[{"embeddable":true,"href":"https:\/\/immosete.fr\/index.php\/wp-json\/wp\/v2\/users\/1"}],"replies":[{"embeddable":true,"href":"https:\/\/immosete.fr\/index.php\/wp-json\/wp\/v2\/comments?post=1090"}],"version-history":[{"count":8,"href":"https:\/\/immosete.fr\/index.php\/wp-json\/wp\/v2\/pages\/1090\/revisions"}],"predecessor-version":[{"id":1109,"href":"https:\/\/immosete.fr\/index.php\/wp-json\/wp\/v2\/pages\/1090\/revisions\/1109"}],"wp:featuredmedia":[{"embeddable":true,"href":"https:\/\/immosete.fr\/index.php\/wp-json\/wp\/v2\/media\/1091"}],"wp:attachment":[{"href":"https:\/\/immosete.fr\/index.php\/wp-json\/wp\/v2\/media?parent=1090"}],"curies":[{"name":"wp","href":"https:\/\/api.w.org\/{rel}","templated":true}]}}