{"id":1046,"date":"2019-05-13T13:08:57","date_gmt":"2019-05-13T13:08:57","guid":{"rendered":"https:\/\/www.immosete.fr\/?page_id=1046"},"modified":"2019-06-12T08:23:57","modified_gmt":"2019-06-12T08:23:57","slug":"derniere-nouvelles","status":"publish","type":"page","link":"https:\/\/immosete.fr\/index.php\/articles\/derniere-nouvelles\/","title":{"rendered":"Derni\u00e8res nouvelles"},"content":{"rendered":"<p><span style=\"color: #ffffff;\">\u2591<\/span><\/p>\n<p><span style=\"color: #ffffff;\">\u2591<\/span><\/p>\n<p><span style=\"color: #ffffff;\">\u2591<\/span><\/p>\n<p><span style=\"color: #283980;\"><strong data-rich-text-format-boundary=\"true\">Liste des documents <\/strong>\u00e0 communiquer \u00e0 votre<strong> Agent IMMOSETE\u00a0<\/strong>pour la vente de votre bien\u00a0:<\/span><\/p>\n<p><span style=\"color: #283980;\">\n<table id=\"tablepress-3\" class=\"tablepress tablepress-id-3\">\n<tbody>\n<tr class=\"row-1\">\n\t<td class=\"column-1\">- Titre de propri\u00e9t\u00e9\t<\/td><td class=\"column-2\">- Taxe fonci\u00e8re<\/td>\n<\/tr>\n<tr class=\"row-2\">\n\t<td class=\"column-1\">- Pi\u00e8ce d'identit\u00e9\t<\/td><td class=\"column-2\">- Factures eau\/\u00e9lectricit\u00e9<\/td>\n<\/tr>\n<tr class=\"row-3\">\n\t<td class=\"column-1\">- Plans\t<\/td><td class=\"column-2\">- Diagnostics techniques<\/td>\n<\/tr>\n<\/tbody>\n<\/table>\n<!-- #tablepress-3 from cache --><\/span><\/p>\n<p><span style=\"color: #283980;\"><strong data-rich-text-format-boundary=\"true\">Pour les copropri\u00e9t\u00e9s\u00a0:<\/strong><\/span><\/p>\n<p><span style=\"color: #283980;\">\n<table id=\"tablepress-4\" class=\"tablepress tablepress-id-4\">\n<tbody>\n<tr class=\"row-1\">\n\t<td class=\"column-1\">- 3 derniers appels de charges<\/td><td class=\"column-2\">- 3 derniers comptes-rendus d'assembl\u00e9es g\u00e9n\u00e9rales<\/td>\n<\/tr>\n<tr class=\"row-2\">\n\t<td class=\"column-1\">- R\u00e8glement de copropri\u00e9t\u00e9<\/td><td class=\"column-2\"><\/td>\n<\/tr>\n<tr class=\"row-3\">\n\t<td class=\"column-1\">- Pr\u00e9-\u00e9tat-dat\u00e9<\/td><td class=\"column-2\">- carnet d'entretien de l'immeuble<\/td>\n<\/tr>\n<\/tbody>\n<\/table>\n<!-- #tablepress-4 from cache --><\/span><\/p>\n<p><span style=\"color: #283980;\"><strong data-rich-text-format-boundary=\"true\">Pour les biens de moins de 10 ans\u00a0:<\/strong><\/span><\/p>\n<p><span style=\"color: #283980;\">\n<table id=\"tablepress-5\" class=\"tablepress tablepress-id-5\">\n<tbody>\n<tr class=\"row-1\">\n\t<td class=\"column-1\">- Permis de construire<\/td><td class=\"column-2\">- D\u00e9claration d'ach\u00e8vement des travaux<\/td>\n<\/tr>\n<tr class=\"row-2\">\n\t<td class=\"column-1\">- Certificat de conformit\u00e9<\/td><td class=\"column-2\">- Attestation Dommage Ouvrage<\/td>\n<\/tr>\n<\/tbody>\n<\/table>\n<!-- #tablepress-5 from cache --><\/span><\/p>\n<p><span style=\"color: #283980;\"><strong data-rich-text-format-boundary=\"true\">Pour les terrains\u00a0:<\/strong><\/span><\/p>\n<p><span style=\"color: #283980;\">\n<table id=\"tablepress-6\" class=\"tablepress tablepress-id-6\">\n<tbody>\n<tr class=\"row-1\">\n\t<td class=\"column-1\">- Certificat d'urbanisme<\/td><td class=\"column-2\">- Document d'arpentage<\/td>\n<\/tr>\n<tr class=\"row-2\">\n\t<td class=\"column-1\">- Plan de division<\/td><td class=\"column-2\">- Cahier des Charges<\/td>\n<\/tr>\n<\/tbody>\n<\/table>\n<!-- #tablepress-6 from cache --><\/span><\/p>\n<p><span style=\"color: #283980;\"><strong data-rich-text-format-boundary=\"true\">Les diagnostics techniques\u00a0:<\/strong>\u00a0 en fonction de la r\u00e9glementation<\/span><\/p>\n<p><span style=\"color: #283980;\">\n<table id=\"tablepress-7\" class=\"tablepress tablepress-id-7\">\n<tbody>\n<tr class=\"row-1\">\n\t<td class=\"column-1\">- Loi Carrez<\/td><td class=\"column-2\">- Amiante<\/td>\n<\/tr>\n<tr class=\"row-2\">\n\t<td class=\"column-1\">- Plomb<\/td><td class=\"column-2\">- Termites<\/td>\n<\/tr>\n<tr class=\"row-3\">\n\t<td class=\"column-1\">- DPE<\/td><td class=\"column-2\">- Etat Installation \u00e9lectivit\u00e9\/gaz <\/td>\n<\/tr>\n<tr class=\"row-4\">\n\t<td class=\"column-1\">- ERP<\/td><td class=\"column-2\"><\/td>\n<\/tr>\n<\/tbody>\n<\/table>\n<!-- #tablepress-7 from cache --><\/span><\/p>\n","protected":false},"excerpt":{"rendered":"<p>\u2591 \u2591 \u2591 Liste des documents \u00e0 communiquer \u00e0 votre Agent IMMOSETE\u00a0pour la vente de votre bien\u00a0: Pour les copropri\u00e9t\u00e9s\u00a0: Pour les biens de moins de 10 ans\u00a0: Pour les terrains\u00a0: Les diagnostics techniques\u00a0:\u00a0 en fonction de la r\u00e9glementation<\/p>\n","protected":false},"author":2,"featured_media":1064,"parent":1037,"menu_order":0,"comment_status":"closed","ping_status":"closed","template":"","meta":{"footnotes":""},"class_list":["post-1046","page","type-page","status-publish","has-post-thumbnail","hentry"],"_links":{"self":[{"href":"https:\/\/immosete.fr\/index.php\/wp-json\/wp\/v2\/pages\/1046","targetHints":{"allow":["GET"]}}],"collection":[{"href":"https:\/\/immosete.fr\/index.php\/wp-json\/wp\/v2\/pages"}],"about":[{"href":"https:\/\/immosete.fr\/index.php\/wp-json\/wp\/v2\/types\/page"}],"author":[{"embeddable":true,"href":"https:\/\/immosete.fr\/index.php\/wp-json\/wp\/v2\/users\/2"}],"replies":[{"embeddable":true,"href":"https:\/\/immosete.fr\/index.php\/wp-json\/wp\/v2\/comments?post=1046"}],"version-history":[{"count":31,"href":"https:\/\/immosete.fr\/index.php\/wp-json\/wp\/v2\/pages\/1046\/revisions"}],"predecessor-version":[{"id":1225,"href":"https:\/\/immosete.fr\/index.php\/wp-json\/wp\/v2\/pages\/1046\/revisions\/1225"}],"up":[{"embeddable":true,"href":"https:\/\/immosete.fr\/index.php\/wp-json\/wp\/v2\/pages\/1037"}],"wp:featuredmedia":[{"embeddable":true,"href":"https:\/\/immosete.fr\/index.php\/wp-json\/wp\/v2\/media\/1064"}],"wp:attachment":[{"href":"https:\/\/immosete.fr\/index.php\/wp-json\/wp\/v2\/media?parent=1046"}],"curies":[{"name":"wp","href":"https:\/\/api.w.org\/{rel}","templated":true}]}}